{"id":253,"date":"2010-08-26T11:44:34","date_gmt":"2010-08-26T11:44:34","guid":{"rendered":"http:\/\/jmtwebsolutions.wordpress.com\/"},"modified":"2010-08-26T11:44:34","modified_gmt":"2010-08-26T11:44:34","slug":"marketing-politico-na-internet","status":"publish","type":"page","link":"https:\/\/jmtweb.net.br\/websites\/marketing-politico-na-internet\/","title":{"rendered":"Marketing Pol\u00edtico"},"content":{"rendered":"<p><a class=\"hiddenSuggestion\" title=\"Marketing Pol\u00edtico na Internet\" href=\"http:\/\/seucandidato.com\" target=\"_self\">SeuCandidato.com<\/a> \u00e9 uma ferramenta de comunica\u00e7\u00e3o din\u00e2mica e de f\u00e1cil uso entre os candidatos pol\u00edticos e seus eleitores, permitindo a os eleitores expor seus problemas e a os candidatos fortalecer sua campanha eleitoral.\u00a0<\/p>\n<div class=\"mceTemp mceIEcenter\">\n<figure id=\"attachment_256\" aria-describedby=\"caption-attachment-256\" style=\"width: 460px\" class=\"wp-caption aligncenter\"><a href=\"http:\/\/seucandidato.com\"><img data-attachment-id=\"256\" data-permalink=\"https:\/\/jmtweb.net.br\/websites\/marketing-politico-na-internet\/marketing_politico-2\/\" data-orig-file=\"https:\/\/i1.wp.com\/jmtweb.net.br\/websites\/wp-content\/uploads\/2010\/08\/marketing_politico1.jpg?fit=460%2C305&amp;ssl=1\" data-orig-size=\"460,305\" data-comments-opened=\"1\" data-image-meta=\"{&quot;aperture&quot;:&quot;0&quot;,&quot;credit&quot;:&quot;&quot;,&quot;camera&quot;:&quot;&quot;,&quot;caption&quot;:&quot;&quot;,&quot;created_timestamp&quot;:&quot;0&quot;,&quot;copyright&quot;:&quot;&quot;,&quot;focal_length&quot;:&quot;0&quot;,&quot;iso&quot;:&quot;0&quot;,&quot;shutter_speed&quot;:&quot;0&quot;,&quot;title&quot;:&quot;&quot;,&quot;orientation&quot;:&quot;0&quot;}\" data-image-title=\"Marketing pol\u00edtico na web\" data-image-description=\"&lt;p&gt;SeuCandidato.com \u00e9 uma ferramenta de comunica\u00e7\u00e3o din\u00e2mica e de f\u00e1cil uso entre os candidatos pol\u00edticos e seus eleitores, permitindo a os eleitores expor seus problemas e a os candidatos fortalecer sua campanha eleitoral.&lt;\/p&gt;\n\" data-medium-file=\"https:\/\/i1.wp.com\/jmtweb.net.br\/websites\/wp-content\/uploads\/2010\/08\/marketing_politico1.jpg?fit=300%2C199&amp;ssl=1\" data-large-file=\"https:\/\/i1.wp.com\/jmtweb.net.br\/websites\/wp-content\/uploads\/2010\/08\/marketing_politico1.jpg?fit=460%2C305&amp;ssl=1\" decoding=\"async\" loading=\"lazy\" class=\"size-full wp-image-256\" title=\"Marketing pol\u00edtico na web \" src=\"https:\/\/i1.wp.com\/jmtweb.net.br\/websites\/wp-content\/uploads\/2010\/08\/marketing_politico1.jpg?resize=460%2C305\" alt=\"Marketing pol\u00edtico na Internet\" width=\"460\" height=\"305\" srcset=\"https:\/\/i1.wp.com\/jmtweb.net.br\/websites\/wp-content\/uploads\/2010\/08\/marketing_politico1.jpg?w=460&amp;ssl=1 460w, https:\/\/i1.wp.com\/jmtweb.net.br\/websites\/wp-content\/uploads\/2010\/08\/marketing_politico1.jpg?resize=300%2C199&amp;ssl=1 300w\" sizes=\"(max-width: 460px) 100vw, 460px\" data-recalc-dims=\"1\" \/><\/a><figcaption id=\"caption-attachment-256\" class=\"wp-caption-text\">Marketing pol\u00edtico na Internet<\/figcaption><\/figure>\n<p>\u00a0<\/p>\n<p><a href=\"http:\/\/jmtweb.net\/contato.htm\"><strong>Solicite informa\u00e7\u00e3o<\/strong><\/a><br \/>\n<strong>de como potencializar o seu site\u00a0e tornar-lo uma ferramenta eficiente.<\/strong>\u00a0<\/p>\n<\/div>\n","protected":false},"excerpt":{"rendered":"<p>SeuCandidato.com \u00e9 uma ferramenta de comunica\u00e7\u00e3o din\u00e2mica e de f\u00e1cil uso entre os candidatos pol\u00edticos e seus eleitores, permitindo a os eleitores expor seus problemas e a os candidatos fortalecer sua campanha eleitoral.\u00a0 \u00a0 Solicite informa\u00e7\u00e3o de como potencializar o seu site\u00a0e tornar-lo uma ferramenta eficiente.\u00a0<\/p>\n","protected":false},"author":2,"featured_media":0,"parent":0,"menu_order":0,"comment_status":"open","ping_status":"open","template":"","meta":{"spay_email":""},"yoast_head":"<!-- This site is optimized with the Yoast SEO plugin v20.1 - https:\/\/yoast.com\/wordpress\/plugins\/seo\/ -->\r\n<title>Marketing Pol\u00edtico | JMT Cria\u00e7\u00e3o de Sites<\/title>\r\n<meta name=\"robots\" content=\"index, follow, max-snippet:-1, max-image-preview:large, max-video-preview:-1\" \/>\r\n<link rel=\"canonical\" href=\"https:\/\/jmtweb.net.br\/websites\/marketing-politico-na-internet\/\" \/>\r\n<meta property=\"og:locale\" content=\"pt_BR\" \/>\r\n<meta property=\"og:type\" content=\"article\" \/>\r\n<meta property=\"og:title\" content=\"Marketing Pol\u00edtico | JMT Cria\u00e7\u00e3o de Sites\" \/>\r\n<meta property=\"og:description\" content=\"SeuCandidato.com \u00e9 uma ferramenta de comunica\u00e7\u00e3o din\u00e2mica e de f\u00e1cil uso entre os candidatos pol\u00edticos e seus eleitores, permitindo a os eleitores expor seus problemas e a os candidatos fortalecer sua campanha eleitoral.\u00a0 \u00a0 Solicite informa\u00e7\u00e3o de como potencializar o seu site\u00a0e tornar-lo uma ferramenta eficiente.\u00a0\" \/>\r\n<meta property=\"og:url\" content=\"https:\/\/jmtweb.net.br\/websites\/marketing-politico-na-internet\/\" \/>\r\n<meta property=\"og:site_name\" content=\"JMT Cria\u00e7\u00e3o de Sites\" \/>\r\n<meta property=\"article:publisher\" content=\"https:\/\/www.facebook.com\/JMTWebsolutions\/\" \/>\r\n<meta property=\"og:image\" content=\"http:\/\/jmtweb.net.br\/websites\/wp-content\/uploads\/2010\/08\/marketing_politico1.jpg\" \/>\r\n<meta name=\"twitter:card\" content=\"summary_large_image\" \/>\r\n<meta name=\"twitter:site\" content=\"@jmtwebsolutions\" \/>\r\n<script type=\"application\/ld+json\" class=\"yoast-schema-graph\">{\"@context\":\"https:\/\/schema.org\",\"@graph\":[{\"@type\":\"WebPage\",\"@id\":\"https:\/\/jmtweb.net.br\/websites\/marketing-politico-na-internet\/\",\"url\":\"https:\/\/jmtweb.net.br\/websites\/marketing-politico-na-internet\/\",\"name\":\"Marketing Pol\u00edtico | JMT Cria\u00e7\u00e3o de Sites\",\"isPartOf\":{\"@id\":\"https:\/\/jmtweb.net.br\/websites\/#website\"},\"datePublished\":\"2010-08-26T11:44:34+00:00\",\"dateModified\":\"2010-08-26T11:44:34+00:00\",\"breadcrumb\":{\"@id\":\"https:\/\/jmtweb.net.br\/websites\/marketing-politico-na-internet\/#breadcrumb\"},\"inLanguage\":\"pt-BR\",\"potentialAction\":[{\"@type\":\"ReadAction\",\"target\":[\"https:\/\/jmtweb.net.br\/websites\/marketing-politico-na-internet\/\"]}]},{\"@type\":\"BreadcrumbList\",\"@id\":\"https:\/\/jmtweb.net.br\/websites\/marketing-politico-na-internet\/#breadcrumb\",\"itemListElement\":[{\"@type\":\"ListItem\",\"position\":1,\"name\":\"Home\",\"item\":\"https:\/\/jmtweb.net.br\/websites\/\"},{\"@type\":\"ListItem\",\"position\":2,\"name\":\"Marketing Pol\u00edtico\"}]},{\"@type\":\"WebSite\",\"@id\":\"https:\/\/jmtweb.net.br\/websites\/#website\",\"url\":\"https:\/\/jmtweb.net.br\/websites\/\",\"name\":\"JMT Cria\u00e7\u00e3o de Sites\",\"description\":\"Desenvolvimento de sistemas web\",\"publisher\":{\"@id\":\"https:\/\/jmtweb.net.br\/websites\/#organization\"},\"potentialAction\":[{\"@type\":\"SearchAction\",\"target\":{\"@type\":\"EntryPoint\",\"urlTemplate\":\"https:\/\/jmtweb.net.br\/websites\/?s={search_term_string}\"},\"query-input\":\"required name=search_term_string\"}],\"inLanguage\":\"pt-BR\"},{\"@type\":\"Organization\",\"@id\":\"https:\/\/jmtweb.net.br\/websites\/#organization\",\"name\":\"JMT Cria\u00e7\u00e3o de Sites\",\"url\":\"https:\/\/jmtweb.net.br\/websites\/\",\"logo\":{\"@type\":\"ImageObject\",\"inLanguage\":\"pt-BR\",\"@id\":\"https:\/\/jmtweb.net.br\/websites\/#\/schema\/logo\/image\/\",\"url\":\"https:\/\/i0.wp.com\/jmtweb.net.br\/websites\/wp-content\/uploads\/2017\/06\/logo.png?fit=500%2C500&ssl=1\",\"contentUrl\":\"https:\/\/i0.wp.com\/jmtweb.net.br\/websites\/wp-content\/uploads\/2017\/06\/logo.png?fit=500%2C500&ssl=1\",\"width\":500,\"height\":500,\"caption\":\"JMT Cria\u00e7\u00e3o de Sites\"},\"image\":{\"@id\":\"https:\/\/jmtweb.net.br\/websites\/#\/schema\/logo\/image\/\"},\"sameAs\":[\"https:\/\/www.facebook.com\/JMTWebsolutions\/\",\"https:\/\/twitter.com\/jmtwebsolutions\",\"https:\/\/www.linkedin.com\/company\/jmt-web-solutions\",\"https:\/\/www.youtube.com\/channel\/UCbf_7MVzEaTrZ-Bni9rs0Dw\"]}]}<\/script>\r\n<!-- \/ Yoast SEO plugin. -->","yoast_head_json":{"title":"Marketing Pol\u00edtico | JMT Cria\u00e7\u00e3o de Sites","robots":{"index":"index","follow":"follow","max-snippet":"max-snippet:-1","max-image-preview":"max-image-preview:large","max-video-preview":"max-video-preview:-1"},"canonical":"https:\/\/jmtweb.net.br\/websites\/marketing-politico-na-internet\/","og_locale":"pt_BR","og_type":"article","og_title":"Marketing Pol\u00edtico | JMT Cria\u00e7\u00e3o de Sites","og_description":"SeuCandidato.com \u00e9 uma ferramenta de comunica\u00e7\u00e3o din\u00e2mica e de f\u00e1cil uso entre os candidatos pol\u00edticos e seus eleitores, permitindo a os eleitores expor seus problemas e a os candidatos fortalecer sua campanha eleitoral.\u00a0 \u00a0 Solicite informa\u00e7\u00e3o de como potencializar o seu site\u00a0e tornar-lo uma ferramenta eficiente.\u00a0","og_url":"https:\/\/jmtweb.net.br\/websites\/marketing-politico-na-internet\/","og_site_name":"JMT Cria\u00e7\u00e3o de Sites","article_publisher":"https:\/\/www.facebook.com\/JMTWebsolutions\/","og_image":[{"url":"http:\/\/jmtweb.net.br\/websites\/wp-content\/uploads\/2010\/08\/marketing_politico1.jpg"}],"twitter_card":"summary_large_image","twitter_site":"@jmtwebsolutions","schema":{"@context":"https:\/\/schema.org","@graph":[{"@type":"WebPage","@id":"https:\/\/jmtweb.net.br\/websites\/marketing-politico-na-internet\/","url":"https:\/\/jmtweb.net.br\/websites\/marketing-politico-na-internet\/","name":"Marketing Pol\u00edtico | JMT Cria\u00e7\u00e3o de Sites","isPartOf":{"@id":"https:\/\/jmtweb.net.br\/websites\/#website"},"datePublished":"2010-08-26T11:44:34+00:00","dateModified":"2010-08-26T11:44:34+00:00","breadcrumb":{"@id":"https:\/\/jmtweb.net.br\/websites\/marketing-politico-na-internet\/#breadcrumb"},"inLanguage":"pt-BR","potentialAction":[{"@type":"ReadAction","target":["https:\/\/jmtweb.net.br\/websites\/marketing-politico-na-internet\/"]}]},{"@type":"BreadcrumbList","@id":"https:\/\/jmtweb.net.br\/websites\/marketing-politico-na-internet\/#breadcrumb","itemListElement":[{"@type":"ListItem","position":1,"name":"Home","item":"https:\/\/jmtweb.net.br\/websites\/"},{"@type":"ListItem","position":2,"name":"Marketing Pol\u00edtico"}]},{"@type":"WebSite","@id":"https:\/\/jmtweb.net.br\/websites\/#website","url":"https:\/\/jmtweb.net.br\/websites\/","name":"JMT Cria\u00e7\u00e3o de Sites","description":"Desenvolvimento de sistemas web","publisher":{"@id":"https:\/\/jmtweb.net.br\/websites\/#organization"},"potentialAction":[{"@type":"SearchAction","target":{"@type":"EntryPoint","urlTemplate":"https:\/\/jmtweb.net.br\/websites\/?s={search_term_string}"},"query-input":"required name=search_term_string"}],"inLanguage":"pt-BR"},{"@type":"Organization","@id":"https:\/\/jmtweb.net.br\/websites\/#organization","name":"JMT Cria\u00e7\u00e3o de Sites","url":"https:\/\/jmtweb.net.br\/websites\/","logo":{"@type":"ImageObject","inLanguage":"pt-BR","@id":"https:\/\/jmtweb.net.br\/websites\/#\/schema\/logo\/image\/","url":"https:\/\/i0.wp.com\/jmtweb.net.br\/websites\/wp-content\/uploads\/2017\/06\/logo.png?fit=500%2C500&ssl=1","contentUrl":"https:\/\/i0.wp.com\/jmtweb.net.br\/websites\/wp-content\/uploads\/2017\/06\/logo.png?fit=500%2C500&ssl=1","width":500,"height":500,"caption":"JMT Cria\u00e7\u00e3o de Sites"},"image":{"@id":"https:\/\/jmtweb.net.br\/websites\/#\/schema\/logo\/image\/"},"sameAs":["https:\/\/www.facebook.com\/JMTWebsolutions\/","https:\/\/twitter.com\/jmtwebsolutions","https:\/\/www.linkedin.com\/company\/jmt-web-solutions","https:\/\/www.youtube.com\/channel\/UCbf_7MVzEaTrZ-Bni9rs0Dw"]}]}},"jetpack_sharing_enabled":true,"jetpack_shortlink":"https:\/\/wp.me\/P9cz9S-45","jetpack_likes_enabled":true,"jetpack-related-posts":[{"id":1027,"url":"https:\/\/jmtweb.net.br\/websites\/privacy-policy\/","url_meta":{"origin":253,"position":0},"title":"Privacy Policy","date":"27 de agosto de 2017","format":false,"excerpt":"Esta pol\u00edtica de privacidade foi compilada para servir melhor aqueles que se preocupam com a forma como suas \"Informa\u00e7\u00f5es Pessoais Identific\u00e1veis\" (PII) est\u00e3o sendo usadas on-line. A PII, conforme descrito na lei de privacidade e na seguran\u00e7a da informa\u00e7\u00e3o, \u00e9 uma informa\u00e7\u00e3o que pode ser usada por conta pr\u00f3pria ou\u2026","rel":"","context":"Post similar","img":{"alt_text":"","src":"","width":0,"height":0},"classes":[]},{"id":249,"url":"https:\/\/jmtweb.net.br\/websites\/nossa-equipe\/","url_meta":{"origin":253,"position":1},"title":"Nossa equipe","date":"26 de agosto de 2010","format":false,"excerpt":"No ano de 1992, quando adquirimos nosso primeiro pc, pouco imagin\u00e1vamos que a internet teria uma influ\u00eancia t\u00e3o intensa no futuro. Quase 20 anos depois, \u00e9 continua e veloz, sendo o nosso objetivo contribuir com conte\u00fado e sites de qualidade a esse mundo virtual cada vez mais denso. quem somos\u2026","rel":"","context":"Post similar","img":{"alt_text":"","src":"","width":0,"height":0},"classes":[]},{"id":945,"url":"https:\/\/jmtweb.net.br\/websites\/jmt-web-solutions\/","url_meta":{"origin":253,"position":2},"title":"JMT\u00a0Web Solutions","date":"1 de junho de 2010","format":false,"excerpt":"Solu\u00e7\u00f5es de marketing\u00a0on-line. Colocamos o seu produto a vista na internet por um baixo custo. Nosso departamento de marketing\u00a0conta com mas de 10 anos de experi\u00eancia no setor do marketing virtual.","rel":"","context":"Post similar","img":{"alt_text":"","src":"https:\/\/i2.wp.com\/jmtweb.net.br\/websites\/wp-content\/uploads\/2010\/08\/imagemblog2.png?resize=350%2C200","width":350,"height":200},"classes":[]}],"_links":{"self":[{"href":"https:\/\/jmtweb.net.br\/websites\/wp-json\/wp\/v2\/pages\/253"}],"collection":[{"href":"https:\/\/jmtweb.net.br\/websites\/wp-json\/wp\/v2\/pages"}],"about":[{"href":"https:\/\/jmtweb.net.br\/websites\/wp-json\/wp\/v2\/types\/page"}],"author":[{"embeddable":true,"href":"https:\/\/jmtweb.net.br\/websites\/wp-json\/wp\/v2\/users\/2"}],"replies":[{"embeddable":true,"href":"https:\/\/jmtweb.net.br\/websites\/wp-json\/wp\/v2\/comments?post=253"}],"version-history":[{"count":0,"href":"https:\/\/jmtweb.net.br\/websites\/wp-json\/wp\/v2\/pages\/253\/revisions"}],"wp:attachment":[{"href":"https:\/\/jmtweb.net.br\/websites\/wp-json\/wp\/v2\/media?parent=253"}],"curies":[{"name":"wp","href":"https:\/\/api.w.org\/{rel}","templated":true}]}}